{"id":7073,"date":"2021-05-12T07:14:05","date_gmt":"2021-05-12T05:14:05","guid":{"rendered":"https:\/\/www.spfshop.pl\/produkt\/megaphobema-mesomelas-l3-4\/"},"modified":"2026-04-05T03:49:12","modified_gmt":"2026-04-05T01:49:12","slug":"megaphobema-mesomelas-l3-4","status":"publish","type":"product","link":"https:\/\/www.spfshop.pl\/en\/produkt\/megaphobema-mesomelas-l3-4\/","title":{"rendered":"Abdomegaphobema mesomelas 1\/2fh"},"content":{"rendered":"<!--themify_builder_content-->\n<div id=\"themify_builder_content-7073\" data-postid=\"7073\" class=\"themify_builder_content themify_builder_content-7073 themify_builder tf_clear\">\n    <\/div>\n<!--\/themify_builder_content-->\n","protected":false},"excerpt":{"rendered":"<p><strong>Wyst\u0119powanie: <\/strong>Kostaryka<\/p>\n<p><strong>Wielko\u015b\u0107:<\/strong> 6dc<\/p>\n<p><strong>Temperatura:<\/strong> 22-24\u00b0C<\/p>\n<p><strong>Wilgotno\u015b\u0107:<\/strong> 70%<\/p>\n<p><strong>Si\u0142a jadu:<\/strong> s\u0142aby<\/p>\n<p><strong>W\u0142oski parz\u0105ce:<\/strong> tak<\/p>\n<p><strong>Uwagi: <\/strong>Ptasznik naziemny, s\u0142abo jadowity.<\/p>\n","protected":false},"featured_media":1226,"comment_status":"open","ping_status":"closed","template":"","meta":[],"class_list":["post-7073","product","type-product","status-publish","has-post-thumbnail","hentry","product_cat-tarantulas","product_cat-slings","product_tag-spidersforge-en","product_shipping_class-animals","has-post-title","has-post-date","has-post-category","has-post-tag","has-post-comment","has-post-author",""],"yoast_head":"<!-- This site is optimized with the Yoast SEO plugin v16.3 - https:\/\/yoast.com\/wordpress\/plugins\/seo\/ -->\n<title>Abdomegaphobema mesomelas 1\/2fh - SPF Shop<\/title>\n<meta name=\"robots\" content=\"index, follow, max-snippet:-1, max-image-preview:large, max-video-preview:-1\" \/>\n<link rel=\"canonical\" href=\"https:\/\/www.spfshop.pl\/en\/produkt\/megaphobema-mesomelas-l3-4\/\" \/>\n<meta property=\"og:locale\" content=\"en_US\" \/>\n<meta property=\"og:type\" content=\"article\" \/>\n<meta property=\"og:title\" content=\"Abdomegaphobema mesomelas 1\/2fh - SPF Shop\" \/>\n<meta property=\"og:description\" content=\"Wyst\u0119powanie: Kostaryka  Wielko\u015b\u0107: 6dc  Temperatura: 22-24\u00b0C  Wilgotno\u015b\u0107: 70%  Si\u0142a jadu: s\u0142aby  W\u0142oski parz\u0105ce: tak  Uwagi: Ptasznik naziemny, s\u0142abo jadowity.\" \/>\n<meta property=\"og:url\" content=\"https:\/\/www.spfshop.pl\/en\/produkt\/megaphobema-mesomelas-l3-4\/\" \/>\n<meta property=\"og:site_name\" content=\"SPF Shop\" \/>\n<meta property=\"article:modified_time\" content=\"2026-04-05T01:49:12+00:00\" \/>\n<meta property=\"og:image\" content=\"https:\/\/www.spfshop.pl\/wp-content\/uploads\/2021\/05\/DSCF5657-scaled.jpg\" \/>\n\t<meta property=\"og:image:width\" content=\"2560\" \/>\n\t<meta property=\"og:image:height\" content=\"1920\" \/>\n<meta name=\"twitter:card\" content=\"summary_large_image\" \/>\n<script type=\"application\/ld+json\" class=\"yoast-schema-graph\">{\"@context\":\"https:\/\/schema.org\",\"@graph\":[{\"@type\":\"WebSite\",\"@id\":\"https:\/\/www.spfshop.pl\/en\/#website\",\"url\":\"https:\/\/www.spfshop.pl\/en\/\",\"name\":\"SPF Shop\",\"description\":\"Terrarium Shop\",\"potentialAction\":[{\"@type\":\"SearchAction\",\"target\":\"https:\/\/www.spfshop.pl\/en\/?s={search_term_string}\",\"query-input\":\"required name=search_term_string\"}],\"inLanguage\":\"en-US\"},{\"@type\":\"ImageObject\",\"@id\":\"https:\/\/www.spfshop.pl\/en\/produkt\/megaphobema-mesomelas-l3-4\/#primaryimage\",\"inLanguage\":\"en-US\",\"url\":\"https:\/\/www.spfshop.pl\/wp-content\/uploads\/2021\/05\/DSCF5657-scaled.jpg\",\"contentUrl\":\"https:\/\/www.spfshop.pl\/wp-content\/uploads\/2021\/05\/DSCF5657-scaled.jpg\",\"width\":2560,\"height\":1920},{\"@type\":\"WebPage\",\"@id\":\"https:\/\/www.spfshop.pl\/en\/produkt\/megaphobema-mesomelas-l3-4\/#webpage\",\"url\":\"https:\/\/www.spfshop.pl\/en\/produkt\/megaphobema-mesomelas-l3-4\/\",\"name\":\"Abdomegaphobema mesomelas 1\/2fh - SPF Shop\",\"isPartOf\":{\"@id\":\"https:\/\/www.spfshop.pl\/en\/#website\"},\"primaryImageOfPage\":{\"@id\":\"https:\/\/www.spfshop.pl\/en\/produkt\/megaphobema-mesomelas-l3-4\/#primaryimage\"},\"datePublished\":\"2021-05-12T05:14:05+00:00\",\"dateModified\":\"2026-04-05T01:49:12+00:00\",\"breadcrumb\":{\"@id\":\"https:\/\/www.spfshop.pl\/en\/produkt\/megaphobema-mesomelas-l3-4\/#breadcrumb\"},\"inLanguage\":\"en-US\",\"potentialAction\":[{\"@type\":\"ReadAction\",\"target\":[\"https:\/\/www.spfshop.pl\/en\/produkt\/megaphobema-mesomelas-l3-4\/\"]}]},{\"@type\":\"BreadcrumbList\",\"@id\":\"https:\/\/www.spfshop.pl\/en\/produkt\/megaphobema-mesomelas-l3-4\/#breadcrumb\",\"itemListElement\":[{\"@type\":\"ListItem\",\"position\":1,\"item\":{\"@type\":\"WebPage\",\"@id\":\"https:\/\/www.spfshop.pl\/en\/\",\"url\":\"https:\/\/www.spfshop.pl\/en\/\",\"name\":\"Strona g\\u0142\\u00f3wna\"}},{\"@type\":\"ListItem\",\"position\":2,\"item\":{\"@type\":\"WebPage\",\"@id\":\"https:\/\/www.spfshop.pl\/en\/shop\/\",\"url\":\"https:\/\/www.spfshop.pl\/en\/shop\/\",\"name\":\"Shop\"}},{\"@type\":\"ListItem\",\"position\":3,\"item\":{\"@id\":\"https:\/\/www.spfshop.pl\/en\/produkt\/megaphobema-mesomelas-l3-4\/#webpage\"}}]}]}<\/script>\n<!-- \/ Yoast SEO plugin. -->","builder_content":"","_links":{"self":[{"href":"https:\/\/www.spfshop.pl\/en\/wp-json\/wp\/v2\/product\/7073","targetHints":{"allow":["GET"]}}],"collection":[{"href":"https:\/\/www.spfshop.pl\/en\/wp-json\/wp\/v2\/product"}],"about":[{"href":"https:\/\/www.spfshop.pl\/en\/wp-json\/wp\/v2\/types\/product"}],"replies":[{"embeddable":true,"href":"https:\/\/www.spfshop.pl\/en\/wp-json\/wp\/v2\/comments?post=7073"}],"wp:featuredmedia":[{"embeddable":true,"href":"https:\/\/www.spfshop.pl\/en\/wp-json\/wp\/v2\/media\/1226"}],"wp:attachment":[{"href":"https:\/\/www.spfshop.pl\/en\/wp-json\/wp\/v2\/media?parent=7073"}],"curies":[{"name":"wp","href":"https:\/\/api.w.org\/{rel}","templated":true}]}}